{"id":33318,"date":"2026-05-01T14:58:07","date_gmt":"2026-05-01T14:58:07","guid":{"rendered":"https:\/\/mjimport.com.br\/?post_type=product&#038;p=33318"},"modified":"2026-05-01T14:58:09","modified_gmt":"2026-05-01T14:58:09","slug":"hub-usb-c-7x1-pei-hub13-peining","status":"publish","type":"product","link":"https:\/\/mjimport.com.br\/?product=hub-usb-c-7x1-pei-hub13-peining","title":{"rendered":"HUB USB-C 7X1 PEI-HUB13 PEINING"},"content":{"rendered":"","protected":false},"excerpt":{"rendered":"<p>HUB USB-C 7X1 PEI-HUB13 PEINING<br \/>\n\u2022Modelo: PEI-HUB13<br \/>\n1. Entrada : Suporta modo VESA USB Type-C DisplayPort Alt.<br \/>\n2. Saida : 1xPD 2.0,1xHDMI, 1xTYPE C data transfer , 1xUSB 3.0, 1xUSB 2.0,<br \/>\n3. PD Porta de Carregamento : Porta f\u00eamea tipo C suporta PD3.0 at\u00e9 60w.<br \/>\n4. HDMI porta : HDMI female connector, up to 4K@30Hz resolution.<br \/>\n5. USB 3.0 Port: 10X faster than USB 2.0. Compat\u00edvel com vers\u00f5es anteriores.<br \/>\n6. USB 2.0 Porta : 480Mbps<br \/>\n7. SD\/TF Port : 480Mbps (Nota: Ele n\u00e3o suporta leitura simult\u00e2nea, l\u00ea apenas o que<br \/>\n8. Material: Caixa de alum\u00ednio, n\u00e3o h\u00e1 necessidade de instalar drivers extras, apenas plug and play.<br \/>\n11.Dispositivo compativel:Novo MacBook de 12 polegadas 2015,2016, Macbook Pro, Samsung S8,S9,Note8,Note9 ChromeBook Pixel, Microsoft Surface Pro 4, Asus Zen<br \/>\nAIO HP Pavilion x2, Lumia 950\/950XL, Dell XPS13, Yoga 900, mais dispositivos tipo C.<\/p>\n","protected":false},"featured_media":33319,"template":"","meta":[],"product_brand":[99],"product_cat":[97],"product_tag":[103],"class_list":{"0":"post-33318","1":"product","2":"type-product","3":"status-publish","4":"has-post-thumbnail","6":"product_brand-peining","7":"product_cat-adaptadorhub","8":"product_tag-peining","10":"first","11":"instock","12":"sale","13":"virtual","14":"purchasable","15":"product-type-simple"},"_links":{"self":[{"href":"https:\/\/mjimport.com.br\/index.php?rest_route=\/wp\/v2\/product\/33318","targetHints":{"allow":["GET"]}}],"collection":[{"href":"https:\/\/mjimport.com.br\/index.php?rest_route=\/wp\/v2\/product"}],"about":[{"href":"https:\/\/mjimport.com.br\/index.php?rest_route=\/wp\/v2\/types\/product"}],"version-history":[{"count":2,"href":"https:\/\/mjimport.com.br\/index.php?rest_route=\/wp\/v2\/product\/33318\/revisions"}],"predecessor-version":[{"id":33322,"href":"https:\/\/mjimport.com.br\/index.php?rest_route=\/wp\/v2\/product\/33318\/revisions\/33322"}],"wp:featuredmedia":[{"embeddable":true,"href":"https:\/\/mjimport.com.br\/index.php?rest_route=\/wp\/v2\/media\/33319"}],"wp:attachment":[{"href":"https:\/\/mjimport.com.br\/index.php?rest_route=%2Fwp%2Fv2%2Fmedia&parent=33318"}],"wp:term":[{"taxonomy":"product_brand","embeddable":true,"href":"https:\/\/mjimport.com.br\/index.php?rest_route=%2Fwp%2Fv2%2Fproduct_brand&post=33318"},{"taxonomy":"product_cat","embeddable":true,"href":"https:\/\/mjimport.com.br\/index.php?rest_route=%2Fwp%2Fv2%2Fproduct_cat&post=33318"},{"taxonomy":"product_tag","embeddable":true,"href":"https:\/\/mjimport.com.br\/index.php?rest_route=%2Fwp%2Fv2%2Fproduct_tag&post=33318"}],"curies":[{"name":"wp","href":"https:\/\/api.w.org\/{rel}","templated":true}]}}