{"id":33328,"date":"2026-05-01T15:03:13","date_gmt":"2026-05-01T15:03:13","guid":{"rendered":"https:\/\/mjimport.com.br\/?post_type=product&#038;p=33328"},"modified":"2026-05-01T15:03:14","modified_gmt":"2026-05-01T15:03:14","slug":"hub-usb-c-5x1-pei-hub14-peining","status":"publish","type":"product","link":"https:\/\/mjimport.com.br\/?product=hub-usb-c-5x1-pei-hub14-peining","title":{"rendered":"HUB USB-C 5X1 PEI-HUB14 PEINING"},"content":{"rendered":"","protected":false},"excerpt":{"rendered":"<p>HUB USB-C 5X1 PEI-HUB14 PEINING<br \/>\n\u2022Modelo: PEI-HUB14<br \/>\n1. Rede : Suporta rede de 100Mbps\/10Mbps.<br \/>\n2. Saida : 1xPD 3.0, 1xUSB 3.0, 2xUSB 2.0, 1xRJ45 Adapter.<br \/>\n3. PD Porta de Carregamento : support PD3.0 up to 60w.<br \/>\n4. Porta: Fornecimento de energia de at\u00e9 84 W.<br \/>\n5. USB 3.0 Port : Transmiss\u00e3o supervelocidade (5 Gbps).<br \/>\n6. Material : Caixa de alum\u00ednio, n\u00e3o h\u00e1 necessidade de instalar drivers extras, apenas plug and play.<br \/>\n7.Dispositivo compat\u00edvel: Microsoft Windows, Mac OS X<\/p>\n","protected":false},"featured_media":33329,"template":"","meta":[],"product_brand":[99],"product_cat":[97],"product_tag":[103],"class_list":{"0":"post-33328","1":"product","2":"type-product","3":"status-publish","4":"has-post-thumbnail","6":"product_brand-peining","7":"product_cat-adaptadorhub","8":"product_tag-peining","10":"first","11":"instock","12":"sale","13":"virtual","14":"purchasable","15":"product-type-simple"},"_links":{"self":[{"href":"https:\/\/mjimport.com.br\/index.php?rest_route=\/wp\/v2\/product\/33328","targetHints":{"allow":["GET"]}}],"collection":[{"href":"https:\/\/mjimport.com.br\/index.php?rest_route=\/wp\/v2\/product"}],"about":[{"href":"https:\/\/mjimport.com.br\/index.php?rest_route=\/wp\/v2\/types\/product"}],"version-history":[{"count":2,"href":"https:\/\/mjimport.com.br\/index.php?rest_route=\/wp\/v2\/product\/33328\/revisions"}],"predecessor-version":[{"id":33332,"href":"https:\/\/mjimport.com.br\/index.php?rest_route=\/wp\/v2\/product\/33328\/revisions\/33332"}],"wp:featuredmedia":[{"embeddable":true,"href":"https:\/\/mjimport.com.br\/index.php?rest_route=\/wp\/v2\/media\/33329"}],"wp:attachment":[{"href":"https:\/\/mjimport.com.br\/index.php?rest_route=%2Fwp%2Fv2%2Fmedia&parent=33328"}],"wp:term":[{"taxonomy":"product_brand","embeddable":true,"href":"https:\/\/mjimport.com.br\/index.php?rest_route=%2Fwp%2Fv2%2Fproduct_brand&post=33328"},{"taxonomy":"product_cat","embeddable":true,"href":"https:\/\/mjimport.com.br\/index.php?rest_route=%2Fwp%2Fv2%2Fproduct_cat&post=33328"},{"taxonomy":"product_tag","embeddable":true,"href":"https:\/\/mjimport.com.br\/index.php?rest_route=%2Fwp%2Fv2%2Fproduct_tag&post=33328"}],"curies":[{"name":"wp","href":"https:\/\/api.w.org\/{rel}","templated":true}]}}