{"id":33333,"date":"2026-05-01T15:08:31","date_gmt":"2026-05-01T15:08:31","guid":{"rendered":"https:\/\/mjimport.com.br\/?post_type=product&#038;p=33333"},"modified":"2026-05-01T15:08:39","modified_gmt":"2026-05-01T15:08:39","slug":"carregador-universal-pei-326-adaptador-internacional-peining","status":"publish","type":"product","link":"https:\/\/mjimport.com.br\/?product=carregador-universal-pei-326-adaptador-internacional-peining","title":{"rendered":"CARREGADOR UNIVERSAL PEI-326 ADAPTADOR INTERNACIONAL PEINING"},"content":{"rendered":"","protected":false},"excerpt":{"rendered":"<p>CARREGADOR UNIVERSAL PEI-326 ADAPTADOR INTERNACIONAL<br \/>\n\u2022Modelo: PEI-326<br \/>\nTens\u00e3o nominal: 100-250V<br \/>\nFus\u00edvel duplo de 10A na parte AC suporta dispositivos de alta pot\u00eancia<br \/>\nSa\u00edda USB-C1: 5V\/3A<br \/>\nSa\u00edda USB-C2: 5V\/3A, 9V\/3A, 12V\/2,5A, 15V\/2A, 20V\/1,5A (30W M\u00e1x.)<br \/>\nSa\u00edda USB-A1: QC30W M\u00e1x.<br \/>\nSa\u00edda USB-A2: 5V\/3A<br \/>\nSa\u00edda total: 30W Max.<br \/>\nClassifica\u00e7\u00e3o do fus\u00edvel: 10A M\u00e1x.<br \/>\nCorrente AC m\u00e1xima: 1100W em 110V \/ 2500W em 250V<\/p>\n","protected":false},"featured_media":33334,"template":"","meta":[],"product_brand":[99],"product_cat":[125],"product_tag":[],"class_list":{"0":"post-33333","1":"product","2":"type-product","3":"status-publish","4":"has-post-thumbnail","6":"product_brand-peining","7":"product_cat-tomadas","9":"first","10":"instock","11":"sale","12":"virtual","13":"purchasable","14":"product-type-simple"},"_links":{"self":[{"href":"https:\/\/mjimport.com.br\/index.php?rest_route=\/wp\/v2\/product\/33333","targetHints":{"allow":["GET"]}}],"collection":[{"href":"https:\/\/mjimport.com.br\/index.php?rest_route=\/wp\/v2\/product"}],"about":[{"href":"https:\/\/mjimport.com.br\/index.php?rest_route=\/wp\/v2\/types\/product"}],"version-history":[{"count":2,"href":"https:\/\/mjimport.com.br\/index.php?rest_route=\/wp\/v2\/product\/33333\/revisions"}],"predecessor-version":[{"id":33337,"href":"https:\/\/mjimport.com.br\/index.php?rest_route=\/wp\/v2\/product\/33333\/revisions\/33337"}],"wp:featuredmedia":[{"embeddable":true,"href":"https:\/\/mjimport.com.br\/index.php?rest_route=\/wp\/v2\/media\/33334"}],"wp:attachment":[{"href":"https:\/\/mjimport.com.br\/index.php?rest_route=%2Fwp%2Fv2%2Fmedia&parent=33333"}],"wp:term":[{"taxonomy":"product_brand","embeddable":true,"href":"https:\/\/mjimport.com.br\/index.php?rest_route=%2Fwp%2Fv2%2Fproduct_brand&post=33333"},{"taxonomy":"product_cat","embeddable":true,"href":"https:\/\/mjimport.com.br\/index.php?rest_route=%2Fwp%2Fv2%2Fproduct_cat&post=33333"},{"taxonomy":"product_tag","embeddable":true,"href":"https:\/\/mjimport.com.br\/index.php?rest_route=%2Fwp%2Fv2%2Fproduct_tag&post=33333"}],"curies":[{"name":"wp","href":"https:\/\/api.w.org\/{rel}","templated":true}]}}