{"id":33438,"date":"2026-05-02T14:22:15","date_gmt":"2026-05-02T14:22:15","guid":{"rendered":"https:\/\/mjimport.com.br\/?post_type=product&#038;p=33438"},"modified":"2026-05-02T14:32:31","modified_gmt":"2026-05-02T14:32:31","slug":"gimbal-multifunctional-pei-sk16-estabilizador-de-eixo-unico-com-ia","status":"publish","type":"product","link":"https:\/\/mjimport.com.br\/?product=gimbal-multifunctional-pei-sk16-estabilizador-de-eixo-unico-com-ia","title":{"rendered":"GIMBAL MULTIFUNCTIONAL PEI-SK16 ESTABILIZADOR DE EIXO \u00daNICO COM IA"},"content":{"rendered":"","protected":false},"excerpt":{"rendered":"<p>GIMBAL MULTIFUNCTIONAL PEI-SK16 ESTABILIZADOR DE EIXO \u00daNICO COM IA<br \/>\n\u2022Modelo: PEI-SK16<br \/>\nMaterial: PC+ABS<br \/>\nCor: Branco<br \/>\n\u2022Capacidade da bateria: 3,7V @1000mA Entrada de carregamento: DC5V 400mA<br \/>\n\u2022Tempo de carregamento: 3h<br \/>\n\u2022Autonomia:<br \/>\n\u2022Modo de estabiliza\u00e7\u00e3o manual: 6-7h;<br \/>\n\u2022Modo de acompanhamento por IA: 3,5h<br \/>\n\u2022Alcance de limita\u00e7\u00e3o mec\u00e2nica: 360\u00b0 sem limita\u00e7\u00e3o<br \/>\n\u2022Altura estendida: 833mm<br \/>\n\u2022Entrada de carregamento: Tipo-C<\/p>\n","protected":false},"featured_media":33439,"template":"","meta":[],"product_brand":[99],"product_cat":[85],"product_tag":[103],"class_list":{"0":"post-33438","1":"product","2":"type-product","3":"status-publish","4":"has-post-thumbnail","6":"product_brand-peining","7":"product_cat-beleza","8":"product_tag-peining","10":"first","11":"instock","12":"sale","13":"virtual","14":"purchasable","15":"product-type-simple"},"_links":{"self":[{"href":"https:\/\/mjimport.com.br\/index.php?rest_route=\/wp\/v2\/product\/33438","targetHints":{"allow":["GET"]}}],"collection":[{"href":"https:\/\/mjimport.com.br\/index.php?rest_route=\/wp\/v2\/product"}],"about":[{"href":"https:\/\/mjimport.com.br\/index.php?rest_route=\/wp\/v2\/types\/product"}],"version-history":[{"count":2,"href":"https:\/\/mjimport.com.br\/index.php?rest_route=\/wp\/v2\/product\/33438\/revisions"}],"predecessor-version":[{"id":33446,"href":"https:\/\/mjimport.com.br\/index.php?rest_route=\/wp\/v2\/product\/33438\/revisions\/33446"}],"wp:featuredmedia":[{"embeddable":true,"href":"https:\/\/mjimport.com.br\/index.php?rest_route=\/wp\/v2\/media\/33439"}],"wp:attachment":[{"href":"https:\/\/mjimport.com.br\/index.php?rest_route=%2Fwp%2Fv2%2Fmedia&parent=33438"}],"wp:term":[{"taxonomy":"product_brand","embeddable":true,"href":"https:\/\/mjimport.com.br\/index.php?rest_route=%2Fwp%2Fv2%2Fproduct_brand&post=33438"},{"taxonomy":"product_cat","embeddable":true,"href":"https:\/\/mjimport.com.br\/index.php?rest_route=%2Fwp%2Fv2%2Fproduct_cat&post=33438"},{"taxonomy":"product_tag","embeddable":true,"href":"https:\/\/mjimport.com.br\/index.php?rest_route=%2Fwp%2Fv2%2Fproduct_tag&post=33438"}],"curies":[{"name":"wp","href":"https:\/\/api.w.org\/{rel}","templated":true}]}}